{"id":46741,"date":"2023-02-16T16:15:31","date_gmt":"2023-02-16T13:15:31","guid":{"rendered":"https:\/\/arzportfoy.com\/gyf\/"},"modified":"2023-11-15T17:48:42","modified_gmt":"2023-11-15T14:48:42","slug":"real-estate-funds","status":"publish","type":"page","link":"https:\/\/arzportfoy.com\/en\/real-estate-funds\/","title":{"rendered":"Real Estate Funds"},"content":{"rendered":"<p>[et_pb_section fb_built=&#8221;1&#8243; custom_padding_last_edited=&#8221;on|phone&#8221; admin_label=&#8221;Section&#8221; _builder_version=&#8221;4.20.2&#8243; _module_preset=&#8221;default&#8221; use_background_color_gradient=&#8221;on&#8221; background_color_gradient_stops=&#8221;#e6eded 0%|#f9f9f9 40%&#8221; background_enable_image=&#8221;off&#8221; background_position=&#8221;bottom_right&#8221; background_horizontal_offset=&#8221;-50%&#8221; custom_margin=&#8221;0px||0px||true|false&#8221; custom_padding=&#8221;120px||120px||true|false&#8221; custom_padding_tablet=&#8221;90px|60px|60px|60px|false|true&#8221; custom_padding_phone=&#8221;60px|30px||30px|false|true&#8221; global_colors_info=&#8221;{}&#8221;][et_pb_row make_equal=&#8221;on&#8221; _builder_version=&#8221;4.20.2&#8243; _module_preset=&#8221;default&#8221; width=&#8221;100%&#8221; custom_margin=&#8221;0px||0px||true|false&#8221; custom_padding=&#8221;0px||0px||false|false&#8221; locked=&#8221;off&#8221; global_colors_info=&#8221;{}&#8221;][et_pb_column type=&#8221;4_4&#8243; _builder_version=&#8221;4.19.5&#8243; _module_preset=&#8221;default&#8221; custom_padding=&#8221;||||false|false&#8221; global_colors_info=&#8221;{}&#8221;][dsm_breadcrumbs show_home_icon=&#8221;off&#8221; separator_icon=&#8221;&#x35;||divi||400&#8243; _builder_version=&#8221;4.21.0&#8243; _module_preset=&#8221;default&#8221; items_text_color=&#8221;#204759&#8243; items_font_size=&#8221;12px&#8221; separators_text_color=&#8221;#01CFBE&#8221; separators_font_size=&#8221;13px&#8221; current_font=&#8221;||||||||&#8221; current_text_color=&#8221;#01CFBE&#8221; current_font_size=&#8221;12px&#8221; locked=&#8221;off&#8221; global_colors_info=&#8221;{}&#8221;][\/dsm_breadcrumbs][et_pb_text _builder_version=&#8221;4.21.0&#8243; _module_preset=&#8221;default&#8221; text_text_color=&#8221;#204759&#8243; text_font_size=&#8221;18px&#8221; text_line_height=&#8221;1.6em&#8221; header_font=&#8221;|700|||||||&#8221; header_font_size=&#8221;46px&#8221; header_letter_spacing=&#8221;-2px&#8221; header_3_font=&#8221;|700|||||||&#8221; header_3_text_color=&#8221;#204759&#8243; header_3_font_size=&#8221;32px&#8221; header_3_letter_spacing=&#8221;-1px&#8221; header_3_line_height=&#8221;1.2em&#8221; custom_margin=&#8221;0px||0px||true|false&#8221; custom_padding=&#8221;0px||30px||false|false&#8221; header_font_size_tablet=&#8221;46px&#8221; header_font_size_phone=&#8221;32px&#8221; header_font_size_last_edited=&#8221;on|phone&#8221; global_colors_info=&#8221;{}&#8221;]<\/p>\n<h1>Real Estate Funds<\/h1>\n<p>[\/et_pb_text][\/et_pb_column][\/et_pb_row][et_pb_row column_structure=&#8221;1_2,1_2&#8243; use_custom_gutter=&#8221;on&#8221; gutter_width=&#8221;3&#8243; make_equal=&#8221;on&#8221; _builder_version=&#8221;4.20.2&#8243; _module_preset=&#8221;default&#8221; width=&#8221;100%&#8221; custom_padding=&#8221;0px||30px||false|false&#8221; global_colors_info=&#8221;{}&#8221;][et_pb_column type=&#8221;1_2&#8243; _builder_version=&#8221;4.19.5&#8243; _module_preset=&#8221;default&#8221; background_color=&#8221;#f9f9f9&#8243; custom_padding=&#8221;45px|30px|45px|30px|true|true&#8221; border_radii=&#8221;on|20px|20px|20px|20px&#8221; border_width_all=&#8221;1px&#8221; border_color_all=&#8221;#FFFFFF&#8221; global_colors_info=&#8221;{}&#8221; border_color_all__hover_enabled=&#8221;on|hover&#8221; border_color_all__hover=&#8221;#01CFBE&#8221;][et_pb_blurb title=&#8221;Expertise&#8221; image=&#8221;https:\/\/arzportfoy.com\/wp-content\/uploads\/2023\/02\/certificate.svg&#8221; image_icon_width=&#8221;48px&#8221; _builder_version=&#8221;4.21.0&#8243; _module_preset=&#8221;default&#8221; header_font=&#8221;|700|||||||&#8221; header_text_align=&#8221;center&#8221; header_font_size=&#8221;18px&#8221; header_letter_spacing=&#8221;-1px&#8221; body_font=&#8221;|600|||||||&#8221; body_text_align=&#8221;center&#8221; body_text_color=&#8221;#204759&#8243; body_font_size=&#8221;16px&#8221; custom_css_blurb_image=&#8221;margin-bottom: 20px;&#8221; global_colors_info=&#8221;{}&#8221;]<\/p>\n<p>Pursues projects that can withstand fluctuations in the real estate market.<\/p>\n<p>[\/et_pb_blurb][\/et_pb_column][et_pb_column type=&#8221;1_2&#8243; _builder_version=&#8221;4.19.5&#8243; _module_preset=&#8221;default&#8221; background_color=&#8221;#f9f9f9&#8243; custom_padding=&#8221;45px|30px|45px|30px|true|true&#8221; border_radii=&#8221;on|20px|20px|20px|20px&#8221; border_width_all=&#8221;1px&#8221; border_color_all=&#8221;#FFFFFF&#8221; global_colors_info=&#8221;{}&#8221; border_color_all__hover_enabled=&#8221;on|hover&#8221; border_color_all__hover=&#8221;#01CFBE&#8221;][et_pb_blurb title=&#8221;Advantage&#8221; image=&#8221;https:\/\/arzportfoy.com\/wp-content\/uploads\/2023\/02\/high-five.svg&#8221; image_icon_width=&#8221;48px&#8221; _builder_version=&#8221;4.21.0&#8243; _module_preset=&#8221;default&#8221; header_font=&#8221;|700|||||||&#8221; header_text_align=&#8221;center&#8221; header_font_size=&#8221;18px&#8221; header_letter_spacing=&#8221;-1px&#8221; body_font=&#8221;|600|||||||&#8221; body_text_align=&#8221;center&#8221; body_text_color=&#8221;#204759&#8243; body_font_size=&#8221;16px&#8221; custom_css_blurb_image=&#8221;margin-bottom: 20px;&#8221; global_colors_info=&#8221;{}&#8221;]<\/p>\n<p>Advantages over competitors thanks to strong relationships with leading construction companies.<\/p>\n<p>[\/et_pb_blurb][\/et_pb_column][\/et_pb_row][et_pb_row column_structure=&#8221;1_2,1_2&#8243; use_custom_gutter=&#8221;on&#8221; gutter_width=&#8221;3&#8243; make_equal=&#8221;on&#8221; _builder_version=&#8221;4.20.2&#8243; _module_preset=&#8221;default&#8221; width=&#8221;100%&#8221; custom_padding=&#8221;0px||30px||false|false&#8221; global_colors_info=&#8221;{}&#8221;][et_pb_column type=&#8221;1_2&#8243; _builder_version=&#8221;4.20.0&#8243; _module_preset=&#8221;default&#8221; background_color=&#8221;#FFFFFF&#8221; use_background_color_gradient=&#8221;on&#8221; background_color_gradient_stops=&#8221;#f9f9f9 0%|#ffffff 100%&#8221; custom_padding=&#8221;45px|30px|45px|30px|true|true&#8221; border_radii=&#8221;on|20px|20px|20px|20px&#8221; border_width_all=&#8221;1px&#8221; border_color_all=&#8221;#FFFFFF&#8221; global_colors_info=&#8221;{}&#8221; border_color_all__hover_enabled=&#8221;on|hover&#8221; border_color_all__hover=&#8221;#01CFBE&#8221;][et_pb_blurb title=&#8221;Experience&#8221; image=&#8221;https:\/\/arzportfoy.com\/wp-content\/uploads\/2023\/02\/suitcase-1.svg&#8221; image_icon_width=&#8221;48px&#8221; _builder_version=&#8221;4.21.0&#8243; _module_preset=&#8221;default&#8221; header_font=&#8221;|700|||||||&#8221; header_text_align=&#8221;center&#8221; header_font_size=&#8221;18px&#8221; header_letter_spacing=&#8221;-1px&#8221; body_font=&#8221;|600|||||||&#8221; body_text_align=&#8221;center&#8221; body_text_color=&#8221;#204759&#8243; body_font_size=&#8221;16px&#8221; custom_css_blurb_image=&#8221;margin-bottom: 20px;&#8221; global_colors_info=&#8221;{}&#8221;]<\/p>\n<p>Extensive knowledge and experience in the real estate market in T\u00fcrkiye.<\/p>\n<p>[\/et_pb_blurb][\/et_pb_column][et_pb_column type=&#8221;1_2&#8243; _builder_version=&#8221;4.20.0&#8243; _module_preset=&#8221;default&#8221; background_color=&#8221;#FFFFFF&#8221; use_background_color_gradient=&#8221;on&#8221; background_color_gradient_stops=&#8221;#f9f9f9 0%|#ffffff 100%&#8221; custom_padding=&#8221;45px|30px|45px|30px|true|true&#8221; border_radii=&#8221;on|20px|20px|20px|20px&#8221; border_width_all=&#8221;1px&#8221; border_color_all=&#8221;#FFFFFF&#8221; global_colors_info=&#8221;{}&#8221; border_color_all__hover_enabled=&#8221;on|hover&#8221; border_color_all__hover=&#8221;#01CFBE&#8221;][et_pb_blurb title=&#8221;Strong Business Relationships&#8221; image=&#8221;https:\/\/arzportfoy.com\/wp-content\/uploads\/2023\/02\/people.svg&#8221; image_icon_width=&#8221;48px&#8221; _builder_version=&#8221;4.21.0&#8243; _module_preset=&#8221;default&#8221; header_font=&#8221;|700|||||||&#8221; header_text_align=&#8221;center&#8221; header_font_size=&#8221;18px&#8221; header_letter_spacing=&#8221;-1px&#8221; body_font=&#8221;|600|||||||&#8221; body_text_align=&#8221;center&#8221; body_text_color=&#8221;#204759&#8243; body_font_size=&#8221;16px&#8221; custom_css_blurb_image=&#8221;margin-bottom: 20px;&#8221; global_colors_info=&#8221;{}&#8221;]<\/p>\n<p>Strong business relationships in the private sector allow access to reliable and powerful prospective tenants.<\/p>\n<p>[\/et_pb_blurb][\/et_pb_column][\/et_pb_row][et_pb_row column_structure=&#8221;1_2,1_2&#8243; use_custom_gutter=&#8221;on&#8221; gutter_width=&#8221;3&#8243; make_equal=&#8221;on&#8221; _builder_version=&#8221;4.20.2&#8243; _module_preset=&#8221;default&#8221; width=&#8221;100%&#8221; custom_padding=&#8221;0px||30px||false|false&#8221; global_colors_info=&#8221;{}&#8221;][et_pb_column type=&#8221;1_2&#8243; _builder_version=&#8221;4.20.0&#8243; _module_preset=&#8221;default&#8221; background_color=&#8221;#FFFFFF&#8221; custom_padding=&#8221;45px|30px|45px|30px|true|true&#8221; border_radii=&#8221;on|20px|20px|20px|20px&#8221; border_width_all=&#8221;1px&#8221; border_color_all=&#8221;#FFFFFF&#8221; global_colors_info=&#8221;{}&#8221; border_color_all__hover_enabled=&#8221;on|hover&#8221; border_color_all__hover=&#8221;#01CFBE&#8221;][et_pb_blurb title=&#8221;Value&#8221; image=&#8221;https:\/\/arzportfoy.com\/wp-content\/uploads\/2023\/02\/diamond.svg&#8221; image_icon_width=&#8221;54px&#8221; _builder_version=&#8221;4.21.0&#8243; _module_preset=&#8221;default&#8221; header_font=&#8221;|700|||||||&#8221; header_text_align=&#8221;center&#8221; header_font_size=&#8221;18px&#8221; header_letter_spacing=&#8221;-1px&#8221; body_font=&#8221;|600|||||||&#8221; body_text_align=&#8221;center&#8221; body_text_color=&#8221;#204759&#8243; body_font_size=&#8221;13px&#8221; custom_css_blurb_image=&#8221;margin-bottom: 20px;&#8221; global_colors_info=&#8221;{}&#8221;]<\/p>\n<p>Our Real Estate Funds provide significant profits to investors every year.<\/p>\n<p>[\/et_pb_blurb][\/et_pb_column][et_pb_column type=&#8221;1_2&#8243; _builder_version=&#8221;4.20.0&#8243; _module_preset=&#8221;default&#8221; background_color=&#8221;#FFFFFF&#8221; custom_padding=&#8221;45px|30px|45px|30px|true|true&#8221; border_radii=&#8221;on|20px|20px|20px|20px&#8221; border_width_all=&#8221;1px&#8221; border_color_all=&#8221;#FFFFFF&#8221; global_colors_info=&#8221;{}&#8221; border_color_all__hover_enabled=&#8221;on|hover&#8221; border_color_all__hover=&#8221;#01CFBE&#8221;][et_pb_blurb title=&#8221;Financial Stability&#8221; image=&#8221;https:\/\/arzportfoy.com\/wp-content\/uploads\/2023\/02\/sync-circular-arrows.svg&#8221; image_icon_width=&#8221;68px&#8221; _builder_version=&#8221;4.21.0&#8243; _module_preset=&#8221;default&#8221; header_font=&#8221;|700|||||||&#8221; header_text_align=&#8221;center&#8221; header_font_size=&#8221;18px&#8221; header_letter_spacing=&#8221;-1px&#8221; body_font=&#8221;|600|||||||&#8221; body_text_align=&#8221;center&#8221; body_text_color=&#8221;#204759&#8243; body_font_size=&#8221;13px&#8221; custom_css_blurb_image=&#8221;margin-bottom: 20px;&#8221; global_colors_info=&#8221;{}&#8221;]<\/p>\n<p>Stable and permanent rental income.\n<\/p>\n<p>[\/et_pb_blurb][\/et_pb_column][\/et_pb_row][et_pb_row make_equal=&#8221;on&#8221; _builder_version=&#8221;4.20.2&#8243; _module_preset=&#8221;default&#8221; width=&#8221;100%&#8221; custom_margin=&#8221;0px||0px||true|false&#8221; custom_padding=&#8221;30px||0px||false|false&#8221; locked=&#8221;off&#8221; global_colors_info=&#8221;{}&#8221;][et_pb_column type=&#8221;4_4&#8243; _builder_version=&#8221;4.19.5&#8243; _module_preset=&#8221;default&#8221; custom_padding=&#8221;||||false|false&#8221; global_colors_info=&#8221;{}&#8221;][et_pb_text _builder_version=&#8221;4.21.0&#8243; _module_preset=&#8221;default&#8221; text_text_color=&#8221;#204759&#8243; text_font_size=&#8221;18px&#8221; text_line_height=&#8221;1.6em&#8221; header_font=&#8221;|700|||||||&#8221; header_font_size=&#8221;46px&#8221; header_letter_spacing=&#8221;-2px&#8221; header_3_font=&#8221;|700|||||||&#8221; header_3_text_color=&#8221;#204759&#8243; header_3_font_size=&#8221;30px&#8221; header_3_letter_spacing=&#8221;-1px&#8221; header_3_line_height=&#8221;1.2em&#8221; custom_margin=&#8221;0px||0px||true|false&#8221; custom_padding=&#8221;0px||30px||false|false&#8221; header_font_size_tablet=&#8221;46px&#8221; header_font_size_phone=&#8221;32px&#8221; header_font_size_last_edited=&#8221;on|phone&#8221; global_colors_info=&#8221;{}&#8221;]<\/p>\n<h3>A General Outlook on Our Real Estate Funds<br \/>\n<\/h3>\n<p>[\/et_pb_text][et_pb_text _builder_version=&#8221;4.21.0&#8243; _module_preset=&#8221;default&#8221; text_text_color=&#8221;#204759&#8243; text_font_size=&#8221;18px&#8221; text_line_height=&#8221;1.6em&#8221; global_colors_info=&#8221;{}&#8221;]<\/p>\n<p><strong>Arz Portf\u00f6y<\/strong>, establishes real estate funds for the purpose of managing a portfolio of assets and transactions under the principle of fiduciary ownership on behalf of its shareholders through money, real estate, and property rights received from qualified investors in exchange for equity interests. <strong>Arz Portf\u00f6y<\/strong> currently manages 6 real estate funds.<\/p>\n<p><strong>Arz Portf\u00f6y<\/strong>, purchases and sells real estate and real estate-based rights in order to generate rental income and appreciation gains in the real estate funds under its management.<\/p>\n<p>Assets in real estate funds are held by an independent custodian in line with international practices.<\/p>\n<p>Real estate funds are subject to valuation by appropriate organizations approved by the Board at the end of each calendar year.<\/p>\n<p>Arz Gayrimenkul ve Giri\u015fim Sermayesi Portf\u00f6y Y\u00f6netimi A.\u015e. Real Estate Funds are ideal investment alternatives for:<\/p>\n<p>[\/et_pb_text][dsm_icon_list icon_color=&#8221;#46B1BF&#8221; icon_font_size=&#8221;16px&#8221; list_space_between=&#8221;8px&#8221; text_indent=&#8221;15px&#8221; _builder_version=&#8221;4.21.0&#8243; _module_preset=&#8221;default&#8221; text_font=&#8221;|300|||||||&#8221; text_font_size=&#8221;18px&#8221; text_line_height=&#8221;1.6em&#8221; custom_margin=&#8221;0px||0px||true|false&#8221; custom_padding=&#8221;30px||30px||true|false&#8221; locked=&#8221;off&#8221; global_colors_info=&#8221;{}&#8221; icon_background_color__hover_enabled=&#8221;off|desktop&#8221;][dsm_icon_list_child text=&#8221;Those who wish to invest in the rental income on commercial real estate,&#8221; font_icon=&#8221;&#x5c;||divi||400&#8243; _builder_version=&#8221;4.21.0&#8243; _module_preset=&#8221;default&#8221; global_colors_info=&#8221;{}&#8221;][\/dsm_icon_list_child][dsm_icon_list_child text=&#8221;Those who do not have the means to purchase such properties or who want to diversify their portfolio by investing in multiple properties at the same time,&#8221; font_icon=&#8221;&#x5c;||divi||400&#8243; _builder_version=&#8221;4.21.0&#8243; _module_preset=&#8221;default&#8221; global_colors_info=&#8221;{}&#8221;][\/dsm_icon_list_child][dsm_icon_list_child text=&#8221;Those who want to leverage Arz Portf\u00f6y&#8217;s know-how in identifying and evaluating the right investments,&#8221; font_icon=&#8221;&#x5c;||divi||400&#8243; _builder_version=&#8221;4.21.0&#8243; _module_preset=&#8221;default&#8221; global_colors_info=&#8221;{}&#8221;][\/dsm_icon_list_child][dsm_icon_list_child text=&#8221;Those who do not want to be involved in operational processes including leasing the real estate, collection of rents, accounting, maintenance, repair, etc.,&#8221; font_icon=&#8221;&#x5c;||divi||400&#8243; _builder_version=&#8221;4.21.0&#8243; _module_preset=&#8221;default&#8221; global_colors_info=&#8221;{}&#8221;][\/dsm_icon_list_child][dsm_icon_list_child text=&#8221;Those who want to be entitled to tax incentives for Real Estate Funds.&#8221; font_icon=&#8221;&#x5c;||divi||400&#8243; _builder_version=&#8221;4.21.0&#8243; _module_preset=&#8221;default&#8221; global_colors_info=&#8221;{}&#8221;][\/dsm_icon_list_child][\/dsm_icon_list][et_pb_text _builder_version=&#8221;4.23.1&#8243; _module_preset=&#8221;default&#8221; text_text_color=&#8221;#204759&#8243; text_font_size=&#8221;18px&#8221; text_line_height=&#8221;1.6em&#8221; link_text_color=&#8221;#204759&#8243; link_font_size=&#8221;18px&#8221; link_line_height=&#8221;1.6em&#8221; hover_enabled=&#8221;0&#8243; global_colors_info=&#8221;{}&#8221; link_text_color__hover_enabled=&#8221;on|hover&#8221; link_text_color__hover=&#8221;#46B1BF&#8221; sticky_enabled=&#8221;0&#8243;]<\/p>\n<p>For further information on our Real Estate Funds, please send an e-mail to <a href=\"mailto:info@arzportfoy.com\"><strong>info@arzportfoy.com<\/strong><\/a> or contact us at <strong><a href=\"tel:+902164740000\">+90 216 474 00 00<\/a><\/strong><\/p>\n<p>[\/et_pb_text][\/et_pb_column][\/et_pb_row][\/et_pb_section]<\/p>\n","protected":false},"excerpt":{"rendered":"<p><div class=\"et_pb_module dsm_breadcrumbs dsm_breadcrumbs_0\">\n\t\t\t\t\n\t\t\t\t\n\t\t\t\t\n\t\t\t\t\n\t\t\t\t\n\t\t\t\t\n\t\t\t\t<div class=\"et_pb_module_inner\">\n\t\t\t\t\t<nav class=\"dsm_breadcrumbs_wrap\" role=\"navigation\" itemscope=\"\" itemtype=\"http:\/\/schema.org\/SiteNavigationElement\">\n\t\t\t\t<ul class=\"dsm_breadcrumbs\">\n\t\t\t<li class='dsm_breadcrumbs_item dsm_home_item dsm_home_item_custom'>\n\t\t\t\t<a href=\"https:\/\/arzportfoy.com\/en\/\" itemprop=\"url\">\n\t\t\t\t\t<span class='dsm_home_text_wrapper'>\n\t\t\t\t\t\t\t\t\t\t\t\t\t<span class=\"dsm_home_text\" itemprop=\"name\">\n\t\t\t\t\t\t\t\tHome\t\t\t\t\t\t\t<\/span>\n\t\t\t\t\t<\/span>\n\t\t\t\t<\/a>\n\t\t\t<\/li>\n\n\t\t<li class=\"dsm_breadcrumbs_separator\"> <span class=\"et-pb-icon dsm_separator_icon\">&#x35;<\/span><\/li><\/ul>\n\t\t\t<\/nav>\n\t\t\t\t<\/div>\n\t\t\t<\/div>Real Estate FundsPursues projects that can withstand fluctuations in the real estate market.Advantages over competitors thanks to strong relationships with leading construction companies.Extensive knowledge and experience in the real estate market in T\u00fcrkiye.Strong business relationships in the private sector allow access to [&hellip;]<\/p>\n","protected":false},"author":1,"featured_media":46983,"parent":0,"menu_order":0,"comment_status":"closed","ping_status":"closed","template":"","meta":{"_et_pb_use_builder":"on","_et_pb_old_content":"","_et_gb_content_width":"","footnotes":""},"class_list":["post-46741","page","type-page","status-publish","has-post-thumbnail","hentry"],"_links":{"self":[{"href":"https:\/\/arzportfoy.com\/en\/wp-json\/wp\/v2\/pages\/46741","targetHints":{"allow":["GET"]}}],"collection":[{"href":"https:\/\/arzportfoy.com\/en\/wp-json\/wp\/v2\/pages"}],"about":[{"href":"https:\/\/arzportfoy.com\/en\/wp-json\/wp\/v2\/types\/page"}],"author":[{"embeddable":true,"href":"https:\/\/arzportfoy.com\/en\/wp-json\/wp\/v2\/users\/1"}],"replies":[{"embeddable":true,"href":"https:\/\/arzportfoy.com\/en\/wp-json\/wp\/v2\/comments?post=46741"}],"version-history":[{"count":6,"href":"https:\/\/arzportfoy.com\/en\/wp-json\/wp\/v2\/pages\/46741\/revisions"}],"predecessor-version":[{"id":47298,"href":"https:\/\/arzportfoy.com\/en\/wp-json\/wp\/v2\/pages\/46741\/revisions\/47298"}],"wp:featuredmedia":[{"embeddable":true,"href":"https:\/\/arzportfoy.com\/en\/wp-json\/wp\/v2\/media\/46983"}],"wp:attachment":[{"href":"https:\/\/arzportfoy.com\/en\/wp-json\/wp\/v2\/media?parent=46741"}],"curies":[{"name":"wp","href":"https:\/\/api.w.org\/{rel}","templated":true}]}}