{"id":46678,"date":"2023-02-16T12:09:30","date_gmt":"2023-02-16T09:09:30","guid":{"rendered":"https:\/\/arzportfoy.com\/gsyf\/"},"modified":"2023-11-15T17:49:14","modified_gmt":"2023-11-15T14:49:14","slug":"vcf","status":"publish","type":"page","link":"https:\/\/arzportfoy.com\/en\/vcf\/","title":{"rendered":"VCF"},"content":{"rendered":"<p>[et_pb_section fb_built=&#8221;1&#8243; custom_padding_last_edited=&#8221;on|phone&#8221; _builder_version=&#8221;4.20.2&#8243; _module_preset=&#8221;default&#8221; use_background_color_gradient=&#8221;on&#8221; background_color_gradient_stops=&#8221;#e6eded 0%|#f9f9f9 40%&#8221; background_enable_image=&#8221;off&#8221; background_position=&#8221;bottom_right&#8221; background_horizontal_offset=&#8221;-50%&#8221; custom_margin=&#8221;0px||0px||true|false&#8221; custom_padding=&#8221;120px||120px||true|false&#8221; custom_padding_tablet=&#8221;90px|60px|60px|60px|false|true&#8221; custom_padding_phone=&#8221;60px|30px||30px|false|true&#8221; global_colors_info=&#8221;{}&#8221;][et_pb_row make_equal=&#8221;on&#8221; _builder_version=&#8221;4.20.2&#8243; _module_preset=&#8221;default&#8221; width=&#8221;100%&#8221; custom_margin=&#8221;0px||0px||true|false&#8221; custom_padding=&#8221;0px||0px||false|false&#8221; locked=&#8221;off&#8221; global_colors_info=&#8221;{}&#8221;][et_pb_column type=&#8221;4_4&#8243; _builder_version=&#8221;4.19.5&#8243; _module_preset=&#8221;default&#8221; custom_padding=&#8221;||||false|false&#8221; global_colors_info=&#8221;{}&#8221;][dsm_breadcrumbs show_home_icon=&#8221;off&#8221; separator_icon=&#8221;&#x35;||divi||400&#8243; _builder_version=&#8221;4.21.0&#8243; _module_preset=&#8221;default&#8221; items_text_color=&#8221;#204759&#8243; items_font_size=&#8221;12px&#8221; separators_text_color=&#8221;#01CFBE&#8221; separators_font_size=&#8221;13px&#8221; current_font=&#8221;||||||||&#8221; current_text_color=&#8221;#01CFBE&#8221; current_font_size=&#8221;12px&#8221; locked=&#8221;off&#8221; global_colors_info=&#8221;{}&#8221;][\/dsm_breadcrumbs][et_pb_text admin_label=&#8221;Text&#8221; _builder_version=&#8221;4.21.0&#8243; _module_preset=&#8221;default&#8221; text_text_color=&#8221;#204759&#8243; text_font_size=&#8221;18px&#8221; text_line_height=&#8221;1.6em&#8221; header_font=&#8221;|700|||||||&#8221; header_font_size=&#8221;46px&#8221; header_letter_spacing=&#8221;-2px&#8221; header_3_font=&#8221;|700|||||||&#8221; header_3_text_color=&#8221;#204759&#8243; header_3_font_size=&#8221;32px&#8221; header_3_letter_spacing=&#8221;-1px&#8221; header_3_line_height=&#8221;1.2em&#8221; custom_margin=&#8221;0px||0px||true|false&#8221; custom_padding=&#8221;0px||30px||false|false&#8221; header_font_size_tablet=&#8221;46px&#8221; header_font_size_phone=&#8221;32px&#8221; header_font_size_last_edited=&#8221;on|phone&#8221; global_colors_info=&#8221;{}&#8221;]<\/p>\n<h1>Venture Capital Funds<\/h1>\n<p>[\/et_pb_text][et_pb_text _builder_version=&#8221;4.21.0&#8243; _module_preset=&#8221;default&#8221; text_text_color=&#8221;#204759&#8243; text_font_size=&#8221;18px&#8221; text_line_height=&#8221;1.6em&#8221; global_colors_info=&#8221;{}&#8221;]<strong>The Arz Portf\u00f6y<\/strong>\u00a0team holds a solid history of senior-level business and innovation experience in mid- to large-sized global and multinational organizations.<\/p>\n<p>Our team has the wide-reaching experience, especially in marketing, strategy, entrepreneurship, business development, technology, and finance.<\/p>\n<p>Previously, our team joined a number of global and multinational organizations, including Microsoft, T\u00fcrk Telekom, Mediobanca, Y\u0131ld\u0131z Holding, KPMG, and Ernst &#038; Young, which are all leaders in their respective fields.<\/p>\n<p><strong>Arz Portf\u00f6y<\/strong> Team also has excellent connections and advisors in the region and in Silicon Valley, Boston, and Seattle (Harvard, University of Massachusetts, and Stanford University).<\/p>\n<p><strong>Arz Portf\u00f6y<\/strong> Team&#8217;s broad range of capabilities and direct experience covers the following key topics;[\/et_pb_text][dsm_icon_list icon_color=&#8221;#01CFBE&#8221; icon_font_size=&#8221;16px&#8221; list_space_between=&#8221;8px&#8221; text_indent=&#8221;15px&#8221; _builder_version=&#8221;4.21.0&#8243; _module_preset=&#8221;default&#8221; text_font=&#8221;|300|||||||&#8221; text_font_size=&#8221;18px&#8221; text_line_height=&#8221;1.6em&#8221; custom_margin=&#8221;0px||0px||true|false&#8221; custom_padding=&#8221;30px||0px||false|false&#8221; global_colors_info=&#8221;{}&#8221; icon_background_color__hover_enabled=&#8221;off|desktop&#8221;][dsm_icon_list_child text=&#8221;Increasing sales and margins substantially&#8221; font_icon=&#8221;&#x5c;||divi||400&#8243; _builder_version=&#8221;4.21.0&#8243; _module_preset=&#8221;default&#8221; global_colors_info=&#8221;{}&#8221;][\/dsm_icon_list_child][dsm_icon_list_child text=&#8221;Effective use of resources and ensuring operational efficiency&#8221; font_icon=&#8221;&#x5c;||divi||400&#8243; _builder_version=&#8221;4.21.0&#8243; _module_preset=&#8221;default&#8221; global_colors_info=&#8221;{}&#8221;][\/dsm_icon_list_child][dsm_icon_list_child text=&#8221;Making strategic decisions at the board level&#8221; font_icon=&#8221;&#x5c;||divi||400&#8243; _builder_version=&#8221;4.21.0&#8243; _module_preset=&#8221;default&#8221; global_colors_info=&#8221;{}&#8221;][\/dsm_icon_list_child][dsm_icon_list_child text=&#8221;R&#038;D and new product development&#8221; font_icon=&#8221;&#x5c;||divi||400&#8243; _builder_version=&#8221;4.21.0&#8243; _module_preset=&#8221;default&#8221; global_colors_info=&#8221;{}&#8221;][\/dsm_icon_list_child][dsm_icon_list_child text=&#8221;Building successful startups from scratch&#8221; font_icon=&#8221;&#x5c;||divi||400&#8243; _builder_version=&#8221;4.21.0&#8243; _module_preset=&#8221;default&#8221; global_colors_info=&#8221;{}&#8221;][\/dsm_icon_list_child][dsm_icon_list_child text=&#8221;Creating and managing effective go-to-market strategies&#8221; font_icon=&#8221;&#x5c;||divi||400&#8243; _builder_version=&#8221;4.21.0&#8243; _module_preset=&#8221;default&#8221; global_colors_info=&#8221;{}&#8221;][\/dsm_icon_list_child][dsm_icon_list_child text=&#8221;Realizing business culture transformation&#8221; font_icon=&#8221;&#x5c;||divi||400&#8243; _builder_version=&#8221;4.21.0&#8243; _module_preset=&#8221;default&#8221; global_colors_info=&#8221;{}&#8221;][\/dsm_icon_list_child][dsm_icon_list_child text=&#8221;Mentoring entrepreneurs and start-ups&#8221; font_icon=&#8221;&#x5c;||divi||400&#8243; _builder_version=&#8221;4.21.0&#8243; _module_preset=&#8221;default&#8221; global_colors_info=&#8221;{}&#8221;][\/dsm_icon_list_child][dsm_icon_list_child text=&#8221;Conducting and analyzing valuation and financial modeling studies&#8221; font_icon=&#8221;&#x5c;||divi||400&#8243; _builder_version=&#8221;4.21.0&#8243; _module_preset=&#8221;default&#8221; global_colors_info=&#8221;{}&#8221;][\/dsm_icon_list_child][\/dsm_icon_list][\/et_pb_column][\/et_pb_row][et_pb_row use_custom_gutter=&#8221;on&#8221; make_equal=&#8221;on&#8221; custom_padding_last_edited=&#8221;on|tablet&#8221; _builder_version=&#8221;4.20.2&#8243; _module_preset=&#8221;default&#8221; background_color=&#8221;#46B1BF&#8221; use_background_color_gradient=&#8221;on&#8221; background_color_gradient_direction=&#8221;30deg&#8221; background_color_gradient_stops=&#8221;#204759 25%|#46b1bf 100%&#8221; z_index=&#8221;12&#8243; width=&#8221;100%&#8221; custom_margin=&#8221;60px||60px||true|false&#8221; custom_padding=&#8221;0px|30px|0px|30px|true|true&#8221; custom_padding_tablet=&#8221;0px|0px|0px|0px|true|true&#8221; custom_padding_phone=&#8221;0px|0px|0px|0px|true|true&#8221; border_radii=&#8221;on|5px|5px|5px|5px&#8221; locked=&#8221;off&#8221; global_colors_info=&#8221;{}&#8221; button_one_bg_color__hover_enabled=&#8221;on|hover&#8221;][et_pb_column type=&#8221;4_4&#8243; _builder_version=&#8221;4.19.5&#8243; _module_preset=&#8221;default&#8221; custom_padding=&#8221;45px|60px|45px|60px|true|true&#8221; custom_padding_tablet=&#8221;45px|30px|45px|30px|true|true&#8221; custom_padding_phone=&#8221;30px|30px|30px|30px|true|true&#8221; custom_padding_last_edited=&#8221;on|phone&#8221; global_colors_info=&#8221;{}&#8221;][et_pb_text _builder_version=&#8221;4.21.0&#8243; _module_preset=&#8221;default&#8221; text_text_color=&#8221;#204759&#8243; text_font_size=&#8221;18px&#8221; text_line_height=&#8221;1.6em&#8221; header_3_font=&#8221;|300|||||||&#8221; header_3_text_align=&#8221;center&#8221; header_3_text_color=&#8221;#FFFFFF&#8221; header_3_font_size=&#8221;21px&#8221; header_3_line_height=&#8221;1.4em&#8221; header_3_font_size_tablet=&#8221;20px&#8221; header_3_font_size_phone=&#8221;13px&#8221; header_3_font_size_last_edited=&#8221;on|phone&#8221; global_colors_info=&#8221;{}&#8221;]<\/p>\n<h3><strong>\u201cTurkey&#8217;s Leading Real Estate and Venture Capital Asset Management Company\u201d<\/strong><br \/>in terms of Asset Size<\/h3>\n<p>[\/et_pb_text][\/et_pb_column][\/et_pb_row][et_pb_row make_equal=&#8221;on&#8221; _builder_version=&#8221;4.20.2&#8243; _module_preset=&#8221;default&#8221; width=&#8221;100%&#8221; custom_margin=&#8221;0px||0px||true|false&#8221; custom_padding=&#8221;0px||0px||false|false&#8221; locked=&#8221;off&#8221; global_colors_info=&#8221;{}&#8221;][et_pb_column type=&#8221;4_4&#8243; _builder_version=&#8221;4.19.5&#8243; _module_preset=&#8221;default&#8221; custom_padding=&#8221;||||false|false&#8221; global_colors_info=&#8221;{}&#8221;][et_pb_text _builder_version=&#8221;4.21.0&#8243; _module_preset=&#8221;default&#8221; text_text_color=&#8221;#204759&#8243; text_font_size=&#8221;18px&#8221; text_line_height=&#8221;1.6em&#8221; header_font=&#8221;|700|||||||&#8221; header_font_size=&#8221;52px&#8221; header_letter_spacing=&#8221;-2px&#8221; header_2_font=&#8221;|700|||||||&#8221; header_2_font_size=&#8221;36px&#8221; header_2_letter_spacing=&#8221;-2px&#8221; header_3_font=&#8221;|700|||||||&#8221; header_3_text_color=&#8221;#204759&#8243; header_3_font_size=&#8221;32px&#8221; header_3_letter_spacing=&#8221;-1px&#8221; header_3_line_height=&#8221;1.2em&#8221; header_4_font=&#8221;|700|||||||&#8221; header_4_text_color=&#8221;#204759&#8243; header_4_font_size=&#8221;24px&#8221; header_4_letter_spacing=&#8221;-1px&#8221; header_4_line_height=&#8221;1.2em&#8221; custom_margin=&#8221;0px||0px||true|false&#8221; custom_padding=&#8221;0px||30px||false|false&#8221; header_2_font_size_tablet=&#8221;36px&#8221; header_2_font_size_phone=&#8221;26px&#8221; header_2_font_size_last_edited=&#8221;on|phone&#8221; locked=&#8221;off&#8221; global_colors_info=&#8221;{}&#8221;]<\/p>\n<h4>A General Outlook on Our Venture Capital Funds<br \/>\n<\/h4>\n<p>[\/et_pb_text][et_pb_text _builder_version=&#8221;4.21.0&#8243; _module_preset=&#8221;default&#8221; text_text_color=&#8221;#204759&#8243; text_font_size=&#8221;18px&#8221; text_line_height=&#8221;1.6em&#8221; global_colors_info=&#8221;{}&#8221;]<\/p>\n<p><strong>Arz Portf\u00f6y<\/strong>, establishes a venture capital funds for the purpose of managing a portfolio of assets and trading money or shares received from qualified investors in exchange for equity on behalf of its shareholders in accordance with the principle of fiduciary ownership.<\/p>\n<p><strong>Arz Portf\u00f6y<\/strong> currently manages 12 venture capital funds.<\/p>\n<p><strong>Arz Portf\u00f6y<\/strong> aims to generate high levels of profit for investors over the long term and includes leading venture capitalists in their fields with a strong vision and high growth potential.<\/p>\n<p>Assets in venture capital funds are held by an independent custodian in line with international practices.<\/p>\n<p>The unit fund value is calculated at least once a year and notified to qualified investors.<\/p>\n<p>Arz Gayrimenkul ve Giri\u015fim Sermayesi Portf\u00f6y Y\u00f6netimi A.\u015e. Venture Capital Funds are ideal investment alternatives for:<\/p>\n<p>[\/et_pb_text][dsm_icon_list icon_color=&#8221;#01CFBE&#8221; icon_font_size=&#8221;16px&#8221; list_space_between=&#8221;8px&#8221; text_indent=&#8221;15px&#8221; _builder_version=&#8221;4.21.0&#8243; _module_preset=&#8221;default&#8221; text_font=&#8221;|300|||||||&#8221; text_font_size=&#8221;18px&#8221; text_line_height=&#8221;1.6em&#8221; custom_margin=&#8221;0px||0px||true|false&#8221; custom_padding=&#8221;30px||30px||true|false&#8221; global_colors_info=&#8221;{}&#8221; icon_background_color__hover_enabled=&#8221;off|desktop&#8221;][dsm_icon_list_child text=&#8221;Those who want to receive dividends or appreciation gains from ventures,&#8221; font_icon=&#8221;&#x5c;||divi||400&#8243; _builder_version=&#8221;4.21.0&#8243; _module_preset=&#8221;default&#8221; global_colors_info=&#8221;{}&#8221;][\/dsm_icon_list_child][dsm_icon_list_child text=&#8221;Those who do not have the opportunity to invest in such ventures individually or who want to diversify their portfolio by investing in multiple ventures at the same time,&#8221; font_icon=&#8221;&#x5c;||divi||400&#8243; _builder_version=&#8221;4.21.0&#8243; _module_preset=&#8221;default&#8221; global_colors_info=&#8221;{}&#8221;][\/dsm_icon_list_child][dsm_icon_list_child text=&#8221;Those who want to leverage Arz Portf\u00f6y&#8217;s know-how in identifying and evaluating the right venture capital funds to invest in,&#8221; font_icon=&#8221;&#x5c;||divi||400&#8243; _builder_version=&#8221;4.21.0&#8243; _module_preset=&#8221;default&#8221; global_colors_info=&#8221;{}&#8221;][\/dsm_icon_list_child][dsm_icon_list_child text=&#8221;Those who want to be entitled to tax incentives for Venture Capital Funds,&#8221; font_icon=&#8221;&#x5c;||divi||400&#8243; _builder_version=&#8221;4.21.0&#8243; _module_preset=&#8221;default&#8221; global_colors_info=&#8221;{}&#8221;][\/dsm_icon_list_child][\/dsm_icon_list][et_pb_text _builder_version=&#8221;4.23.1&#8243; _module_preset=&#8221;default&#8221; text_text_color=&#8221;#204759&#8243; text_font_size=&#8221;18px&#8221; text_line_height=&#8221;1.6em&#8221; hover_enabled=&#8221;0&#8243; global_colors_info=&#8221;{}&#8221; sticky_enabled=&#8221;0&#8243;]<\/p>\n<p class=\"m-0 p-0 mb-2 w-100\">Those who are qualified investors.<\/p>\n<p class=\"m-0 p-0 mb-2 w-100\">For further information on our Venture Capital Funds, please send an e-mail to <strong>info@arzportfoy.com<\/strong> or contact us at<br \/><strong>+90 216 474 00 00<\/strong>.<\/p>\n<p>[\/et_pb_text][\/et_pb_column][\/et_pb_row][\/et_pb_section]<\/p>\n","protected":false},"excerpt":{"rendered":"<p><div class=\"et_pb_module dsm_breadcrumbs dsm_breadcrumbs_0\">\n\t\t\t\t\n\t\t\t\t\n\t\t\t\t\n\t\t\t\t\n\t\t\t\t\n\t\t\t\t\n\t\t\t\t<div class=\"et_pb_module_inner\">\n\t\t\t\t\t<nav class=\"dsm_breadcrumbs_wrap\" role=\"navigation\" itemscope=\"\" itemtype=\"http:\/\/schema.org\/SiteNavigationElement\">\n\t\t\t\t<ul class=\"dsm_breadcrumbs\">\n\t\t\t<li class='dsm_breadcrumbs_item dsm_home_item dsm_home_item_custom'>\n\t\t\t\t<a href=\"https:\/\/arzportfoy.com\/en\/\" itemprop=\"url\">\n\t\t\t\t\t<span class='dsm_home_text_wrapper'>\n\t\t\t\t\t\t\t\t\t\t\t\t\t<span class=\"dsm_home_text\" itemprop=\"name\">\n\t\t\t\t\t\t\t\tHome\t\t\t\t\t\t\t<\/span>\n\t\t\t\t\t<\/span>\n\t\t\t\t<\/a>\n\t\t\t<\/li>\n\n\t\t<li class=\"dsm_breadcrumbs_separator\"> <span class=\"et-pb-icon dsm_separator_icon\">&#x35;<\/span><\/li><\/ul>\n\t\t\t<\/nav>\n\t\t\t\t<\/div>\n\t\t\t<\/div>Venture Capital FundsThe Arz Portf\u00f6y\u00a0team holds a solid history of senior-level business and innovation experience in mid- to large-sized global and multinational organizations. Our team has the wide-reaching experience, especially in marketing, strategy, entrepreneurship, business development, technology, and finance. Previously, our team [&hellip;]<\/p>\n","protected":false},"author":1,"featured_media":46983,"parent":0,"menu_order":0,"comment_status":"closed","ping_status":"closed","template":"","meta":{"_et_pb_use_builder":"on","_et_pb_old_content":"","_et_gb_content_width":"","footnotes":""},"class_list":["post-46678","page","type-page","status-publish","has-post-thumbnail","hentry"],"_links":{"self":[{"href":"https:\/\/arzportfoy.com\/en\/wp-json\/wp\/v2\/pages\/46678","targetHints":{"allow":["GET"]}}],"collection":[{"href":"https:\/\/arzportfoy.com\/en\/wp-json\/wp\/v2\/pages"}],"about":[{"href":"https:\/\/arzportfoy.com\/en\/wp-json\/wp\/v2\/types\/page"}],"author":[{"embeddable":true,"href":"https:\/\/arzportfoy.com\/en\/wp-json\/wp\/v2\/users\/1"}],"replies":[{"embeddable":true,"href":"https:\/\/arzportfoy.com\/en\/wp-json\/wp\/v2\/comments?post=46678"}],"version-history":[{"count":8,"href":"https:\/\/arzportfoy.com\/en\/wp-json\/wp\/v2\/pages\/46678\/revisions"}],"predecessor-version":[{"id":47299,"href":"https:\/\/arzportfoy.com\/en\/wp-json\/wp\/v2\/pages\/46678\/revisions\/47299"}],"wp:featuredmedia":[{"embeddable":true,"href":"https:\/\/arzportfoy.com\/en\/wp-json\/wp\/v2\/media\/46983"}],"wp:attachment":[{"href":"https:\/\/arzportfoy.com\/en\/wp-json\/wp\/v2\/media?parent=46678"}],"curies":[{"name":"wp","href":"https:\/\/api.w.org\/{rel}","templated":true}]}}